{"id":12,"date":"2022-06-12T22:32:34","date_gmt":"2022-06-12T22:32:34","guid":{"rendered":"https:\/\/rialabogados.com\/ra\/?page_id=12"},"modified":"2023-08-09T01:45:57","modified_gmt":"2023-08-09T01:45:57","slug":"nuestro-perfil","status":"publish","type":"page","link":"https:\/\/rialabogados.com\/ra\/","title":{"rendered":"Nuestro Perfil"},"content":{"rendered":"<p style=\"text-align: justify;\">Somos abogados que se enorgullecen de la calidad de sus servicios, poniendo particular enfoque en la atenci\u00f3n personali\u00adzada de las necesidades de sus clientes, brindando soluciones y respuestas inmediatas y creativas desde lo legal para resolver los conflictos que se presentan a diario. Para ello acompa\u00f1amos a nuestros clientes en los distintos estadios por los que puede atravesar la vida de una empresa ofreciendo asesoramiento en el armado de la estructura societaria y tributaria, an\u00e1lisis legal de los negocios, interacci\u00f3n con sus clientes y otras empresas, redacci\u00f3n de los distintos contratos necesarios para el desarrollo de la actividad, negociaci\u00f3n y gesti\u00f3n de deudas, restructuraci\u00f3n de la compa\u00f1\u00eda, gestiones ante organismos estatales y orientaci\u00f3n en las relaciones laborales; poniendo a su disposici\u00f3n nuestra capacidad t\u00e9cnica para brindar un servicio de calidad, precisi\u00f3n y confiabilidad. Con estas directrices, aspiramos a generar v\u00ednculos duraderos con nuestros clientes arraigados en la confianza obtenida como consecuencia de nuestra atenci\u00f3n dedicada, eficiente y eficaz.<\/p>\n<h1><span style=\"font-size: 14pt;\">\u00c1reas de pr\u00e1ctica<\/span><\/h1>\n\n\n<ul class=\"wp-block-list\">\n<li>Derecho empresarial<\/li>\n<li>Derecho de sociedades<\/li>\n<li>Derecho administrativo<\/li>\n<li>Derecho del Trabajo<\/li>\n<li>Derecho del consumidor<\/li>\n<li>Derecho comercial<\/li>\n<li>Derecho ambiental<\/li>\n<li>Litigios<\/li>\n<\/ul>\n<p>\u00a0<\/p>\n","protected":false},"excerpt":{"rendered":"<p>Somos abogados que se enorgullecen de la calidad de sus servicios, poniendo particular enfoque en la atenci\u00f3n personali\u00adzada de las necesidades de sus clientes, brindando soluciones y respuestas inmediatas y creativas desde lo legal para resolver los conflictos que se &hellip; <a href=\"https:\/\/rialabogados.com\/ra\/\">Sigue leyendo <span class=\"meta-nav\">&rarr;<\/span><\/a><\/p>\n","protected":false},"author":2,"featured_media":0,"parent":0,"menu_order":0,"comment_status":"closed","ping_status":"closed","template":"","meta":{"footnotes":""},"class_list":["post-12","page","type-page","status-publish","hentry"],"yoast_head":"<!-- This site is optimized with the Yoast SEO plugin v27.4 - https:\/\/yoast.com\/product\/yoast-seo-wordpress\/ -->\n<title>Nuestro Perfil - Rial Abogados<\/title>\n<meta name=\"robots\" content=\"index, follow, max-snippet:-1, max-image-preview:large, max-video-preview:-1\" \/>\n<link rel=\"canonical\" href=\"https:\/\/rialabogados.com\/ra\/\" \/>\n<meta property=\"og:locale\" content=\"es_ES\" \/>\n<meta property=\"og:type\" content=\"article\" \/>\n<meta property=\"og:title\" content=\"Nuestro Perfil - Rial Abogados\" \/>\n<meta property=\"og:description\" content=\"Somos abogados que se enorgullecen de la calidad de sus servicios, poniendo particular enfoque en la atenci\u00f3n personali\u00adzada de las necesidades de sus clientes, brindando soluciones y respuestas inmediatas y creativas desde lo legal para resolver los conflictos que se &hellip; Sigue leyendo &rarr;\" \/>\n<meta property=\"og:url\" content=\"https:\/\/rialabogados.com\/ra\/\" \/>\n<meta property=\"og:site_name\" content=\"Rial Abogados\" \/>\n<meta property=\"article:modified_time\" content=\"2023-08-09T01:45:57+00:00\" \/>\n<meta name=\"twitter:card\" content=\"summary_large_image\" \/>\n<meta name=\"twitter:label1\" content=\"Tiempo de lectura\" \/>\n\t<meta name=\"twitter:data1\" content=\"1 minuto\" \/>\n<script type=\"application\/ld+json\" class=\"yoast-schema-graph\">{\"@context\":\"https:\\\/\\\/schema.org\",\"@graph\":[{\"@type\":\"WebPage\",\"@id\":\"https:\\\/\\\/rialabogados.com\\\/ra\\\/\",\"url\":\"https:\\\/\\\/rialabogados.com\\\/ra\\\/\",\"name\":\"Nuestro Perfil - Rial Abogados\",\"isPartOf\":{\"@id\":\"https:\\\/\\\/rialabogados.com\\\/ra\\\/#website\"},\"datePublished\":\"2022-06-12T22:32:34+00:00\",\"dateModified\":\"2023-08-09T01:45:57+00:00\",\"breadcrumb\":{\"@id\":\"https:\\\/\\\/rialabogados.com\\\/ra\\\/#breadcrumb\"},\"inLanguage\":\"es\",\"potentialAction\":[{\"@type\":\"ReadAction\",\"target\":[\"https:\\\/\\\/rialabogados.com\\\/ra\\\/\"]}]},{\"@type\":\"BreadcrumbList\",\"@id\":\"https:\\\/\\\/rialabogados.com\\\/ra\\\/#breadcrumb\",\"itemListElement\":[{\"@type\":\"ListItem\",\"position\":1,\"name\":\"Portada\",\"item\":\"https:\\\/\\\/rialabogados.com\\\/ra\\\/\"},{\"@type\":\"ListItem\",\"position\":2,\"name\":\"Nuestro Perfil\"}]},{\"@type\":\"WebSite\",\"@id\":\"https:\\\/\\\/rialabogados.com\\\/ra\\\/#website\",\"url\":\"https:\\\/\\\/rialabogados.com\\\/ra\\\/\",\"name\":\"Rial Abogados\",\"description\":\"Estudio Jur\u00eddico Rial y Asociados\",\"publisher\":{\"@id\":\"https:\\\/\\\/rialabogados.com\\\/ra\\\/#organization\"},\"potentialAction\":[{\"@type\":\"SearchAction\",\"target\":{\"@type\":\"EntryPoint\",\"urlTemplate\":\"https:\\\/\\\/rialabogados.com\\\/ra\\\/?s={search_term_string}\"},\"query-input\":{\"@type\":\"PropertyValueSpecification\",\"valueRequired\":true,\"valueName\":\"search_term_string\"}}],\"inLanguage\":\"es\"},{\"@type\":\"Organization\",\"@id\":\"https:\\\/\\\/rialabogados.com\\\/ra\\\/#organization\",\"name\":\"Estudio Jur\u00eddico Rial y Asociados\",\"url\":\"https:\\\/\\\/rialabogados.com\\\/ra\\\/\",\"logo\":{\"@type\":\"ImageObject\",\"inLanguage\":\"es\",\"@id\":\"https:\\\/\\\/rialabogados.com\\\/ra\\\/#\\\/schema\\\/logo\\\/image\\\/\",\"url\":\"https:\\\/\\\/rialabogados.com\\\/ra\\\/wp-content\\\/uploads\\\/2022\\\/06\\\/cropped-cropped-rialabogados-logo-1.png\",\"contentUrl\":\"https:\\\/\\\/rialabogados.com\\\/ra\\\/wp-content\\\/uploads\\\/2022\\\/06\\\/cropped-cropped-rialabogados-logo-1.png\",\"width\":512,\"height\":512,\"caption\":\"Estudio Jur\u00eddico Rial y Asociados\"},\"image\":{\"@id\":\"https:\\\/\\\/rialabogados.com\\\/ra\\\/#\\\/schema\\\/logo\\\/image\\\/\"}}]}<\/script>\n<!-- \/ Yoast SEO plugin. -->","yoast_head_json":{"title":"Nuestro Perfil - Rial Abogados","robots":{"index":"index","follow":"follow","max-snippet":"max-snippet:-1","max-image-preview":"max-image-preview:large","max-video-preview":"max-video-preview:-1"},"canonical":"https:\/\/rialabogados.com\/ra\/","og_locale":"es_ES","og_type":"article","og_title":"Nuestro Perfil - Rial Abogados","og_description":"Somos abogados que se enorgullecen de la calidad de sus servicios, poniendo particular enfoque en la atenci\u00f3n personali\u00adzada de las necesidades de sus clientes, brindando soluciones y respuestas inmediatas y creativas desde lo legal para resolver los conflictos que se &hellip; Sigue leyendo &rarr;","og_url":"https:\/\/rialabogados.com\/ra\/","og_site_name":"Rial Abogados","article_modified_time":"2023-08-09T01:45:57+00:00","twitter_card":"summary_large_image","twitter_misc":{"Tiempo de lectura":"1 minuto"},"schema":{"@context":"https:\/\/schema.org","@graph":[{"@type":"WebPage","@id":"https:\/\/rialabogados.com\/ra\/","url":"https:\/\/rialabogados.com\/ra\/","name":"Nuestro Perfil - Rial Abogados","isPartOf":{"@id":"https:\/\/rialabogados.com\/ra\/#website"},"datePublished":"2022-06-12T22:32:34+00:00","dateModified":"2023-08-09T01:45:57+00:00","breadcrumb":{"@id":"https:\/\/rialabogados.com\/ra\/#breadcrumb"},"inLanguage":"es","potentialAction":[{"@type":"ReadAction","target":["https:\/\/rialabogados.com\/ra\/"]}]},{"@type":"BreadcrumbList","@id":"https:\/\/rialabogados.com\/ra\/#breadcrumb","itemListElement":[{"@type":"ListItem","position":1,"name":"Portada","item":"https:\/\/rialabogados.com\/ra\/"},{"@type":"ListItem","position":2,"name":"Nuestro Perfil"}]},{"@type":"WebSite","@id":"https:\/\/rialabogados.com\/ra\/#website","url":"https:\/\/rialabogados.com\/ra\/","name":"Rial Abogados","description":"Estudio Jur\u00eddico Rial y Asociados","publisher":{"@id":"https:\/\/rialabogados.com\/ra\/#organization"},"potentialAction":[{"@type":"SearchAction","target":{"@type":"EntryPoint","urlTemplate":"https:\/\/rialabogados.com\/ra\/?s={search_term_string}"},"query-input":{"@type":"PropertyValueSpecification","valueRequired":true,"valueName":"search_term_string"}}],"inLanguage":"es"},{"@type":"Organization","@id":"https:\/\/rialabogados.com\/ra\/#organization","name":"Estudio Jur\u00eddico Rial y Asociados","url":"https:\/\/rialabogados.com\/ra\/","logo":{"@type":"ImageObject","inLanguage":"es","@id":"https:\/\/rialabogados.com\/ra\/#\/schema\/logo\/image\/","url":"https:\/\/rialabogados.com\/ra\/wp-content\/uploads\/2022\/06\/cropped-cropped-rialabogados-logo-1.png","contentUrl":"https:\/\/rialabogados.com\/ra\/wp-content\/uploads\/2022\/06\/cropped-cropped-rialabogados-logo-1.png","width":512,"height":512,"caption":"Estudio Jur\u00eddico Rial y Asociados"},"image":{"@id":"https:\/\/rialabogados.com\/ra\/#\/schema\/logo\/image\/"}}]}},"_links":{"self":[{"href":"https:\/\/rialabogados.com\/ra\/wp-json\/wp\/v2\/pages\/12","targetHints":{"allow":["GET"]}}],"collection":[{"href":"https:\/\/rialabogados.com\/ra\/wp-json\/wp\/v2\/pages"}],"about":[{"href":"https:\/\/rialabogados.com\/ra\/wp-json\/wp\/v2\/types\/page"}],"author":[{"embeddable":true,"href":"https:\/\/rialabogados.com\/ra\/wp-json\/wp\/v2\/users\/2"}],"replies":[{"embeddable":true,"href":"https:\/\/rialabogados.com\/ra\/wp-json\/wp\/v2\/comments?post=12"}],"version-history":[{"count":5,"href":"https:\/\/rialabogados.com\/ra\/wp-json\/wp\/v2\/pages\/12\/revisions"}],"predecessor-version":[{"id":145,"href":"https:\/\/rialabogados.com\/ra\/wp-json\/wp\/v2\/pages\/12\/revisions\/145"}],"wp:attachment":[{"href":"https:\/\/rialabogados.com\/ra\/wp-json\/wp\/v2\/media?parent=12"}],"curies":[{"name":"wp","href":"https:\/\/api.w.org\/{rel}","templated":true}]}}