{"id":25,"date":"2022-06-12T22:42:18","date_gmt":"2022-06-12T22:42:18","guid":{"rendered":"https:\/\/rialabogados.com\/ra\/?page_id=25"},"modified":"2022-06-12T23:19:04","modified_gmt":"2022-06-12T23:19:04","slug":"reestructuraciones","status":"publish","type":"page","link":"https:\/\/rialabogados.com\/ra\/reestructuraciones\/","title":{"rendered":"Reestructuraciones"},"content":{"rendered":"\n<h2 class=\"wp-block-heading\">Aseroramiento en procesos de reestructuraci\u00f3n y crisis<\/h2>\n\n\n<p style=\"text-align: justify;\">La din\u00e1mica actual de los negocios y las distintas crisis econ\u00f3micas por las que ha atravesado nuestro pa\u00eds, han obligado al empresario argentino a desarrollar su capacidad para adaptarse a estas realidades.<\/p>\n<p><!-- \/wp:post-content --><!-- wp:paragraph --><\/p>\n<p style=\"text-align: justify;\">La decisi\u00f3n de iniciar un proceso de reestructuraci\u00f3n nunca es f\u00e1cil, pero la mayor\u00eda de las veces va a determinar el \u00e9xito o el fracaso de cualquier proyecto empresarial.<\/p>\n<p><!-- \/wp:paragraph --><!-- wp:paragraph --><\/p>\n<p style=\"text-align: justify;\">Somos profesionales con amplia experiencia en la materia que enfoca su atenci\u00f3n en tres puntos fundamentales como son el diagn\u00f3stico temprano, el tratamiento eficiente y la recuperaci\u00f3n de la empresa.<\/p>\n<p><!-- \/wp:paragraph --><!-- wp:paragraph --><\/p>\n<p style=\"text-align: justify;\">Con este objetivo, nos hemos especializado para asistir a nuestros clientes en cualquier situaci\u00f3n que impacte en la rentabilidad de la empresa<\/p>\n<p><!-- \/wp:paragraph --><!-- wp:heading {\"level\":1} --><\/p>\n<h1>REESTRUCTURACI\u00d3N DE DEUDA<\/h1>\n<p><!-- \/wp:heading --><!-- wp:paragraph --><\/p>\n<p style=\"text-align: justify;\">An\u00e1lisis de situaciones de insolvencia, identificaci\u00f3n de sus causas, adopci\u00f3n de medidas preventivas y\/o de reestructuraci\u00f3n. Asesoramiento a acreedores.<\/p>\n<p><!-- \/wp:paragraph --><!-- wp:heading {\"level\":1} --><\/p>\n<h1>CONCURSOS PREVENTIVOS<\/h1>\n<p><!-- \/wp:heading --><!-- wp:paragraph --><\/p>\n<p style=\"text-align: justify;\">Refinanciaci\u00f3n de pasivos, la negociaci\u00f3n de acuerdos preventivos extrajudiciales y la participaci\u00f3n activa en procesos de concurso preventivo y quiebra.<\/p>\n<p><!-- \/wp:paragraph --><!-- wp:paragraph --><\/p>\n<p style=\"text-align: justify;\">Asesoramiento de acreedores para la negociaci\u00f3n con sus deudores y la inclusi\u00f3n de sus cr\u00e9ditos en los pasivos concursales o falenciales, y patrocinio a Sindicaturas concursales en el marco de procesos de insolvencia.<\/p>\n<p><!-- \/wp:paragraph --><!-- wp:heading {\"level\":1} --><\/p>\n<h1>ASESORAMIENTO Y PLANIFICACI\u00d3N IMPOSITIVA PARA CORPORACIONES Y PARTICULARES.<\/h1>\n<p><!-- \/wp:heading --><!-- wp:paragraph --><\/p>\n<p style=\"text-align: justify;\">Atendemos cuestiones tributarias tanto en forma directa como asociada con distintos estudios y profesionales especializados en la materia.<\/p>\n<p><!-- \/wp:paragraph --><!-- wp:paragraph --><\/p>\n<p style=\"text-align: justify;\">Asistimos en el armado de estructuras y planificaci\u00f3n impositiva, procesos administrativos y judiciales relacionados con inspecciones, verificaciones y determinaci\u00f3n distintos tributos, sumarios por infracciones y clausuras.<\/p>\n<p><!-- \/wp:paragraph --><!-- wp:heading {\"level\":1} --><\/p>\n<h1>ASESORAMIENTO CORPORATIVO<\/h1>\n<p><!-- \/wp:heading --><!-- wp:paragraph --><\/p>\n<p style=\"text-align: justify;\">Asesoramiento al \u201cmanagement\u201d y a \u00e1reas de legales de clientes corporativos as\u00ed como a particulares en cuestiones societarias y contractuales.<\/p>\n<p><!-- \/wp:paragraph --><!-- wp:paragraph --><\/p>\n<p style=\"text-align: justify;\">Auditor\u00edas legales para la parte compradora, previas a la adquisici\u00f3n de participaciones en compa\u00f1\u00edas, actuando asimismo como asesores externos en el marco de auditor\u00edas internas.<\/p>\n<p><!-- \/wp:paragraph --><!-- wp:paragraph --><\/p>\n<p style=\"text-align: justify;\">Implementaci\u00f3n de pol\u00edticas, auditor\u00eda y asesoramiento en materia de \u201clegal compliance\u201d (cumplimiento de normas legales y reglamentos internos) para clientes corporativos con diversas actividades.<\/p>\n<p><!-- \/wp:paragraph --><!-- wp:heading {\"level\":1} --><\/p>\n<h1>LEGAL COMPLIANCE<\/h1>\n<p><!-- \/wp:heading --><!-- wp:paragraph --><\/p>\n<p style=\"text-align: justify;\">An\u00e1lisis de estructuras societarias existentes o a conformarse, constituci\u00f3n de sociedades, consultor\u00eda en sociedades abiertas y cerradas, asesoramiento en cuestiones estatutarias y contractuales, reorganizaciones societarias, cumplimiento de normas societarias ante la Inspecci\u00f3n General&nbsp; de Justicia (IGJ) y registros p\u00fablicos provinciales, cumplimiento de normas societarias&nbsp; ante la Comisi\u00f3n Nacional de Valores (CNV) y la Bolsa de Comercio de Buenos Aires (BCBA), estructuraci\u00f3n de acuerdos de accionistas y de sindicaci\u00f3n de acciones, asesoramiento en conflictos societarios, asesoramiento en estructuras de financiamiento interno, asesoramiento a \u00f3rganos societarios de direcci\u00f3n, gobierno y control, asesoramiento en procesos de disoluci\u00f3n y liquidaci\u00f3n.<\/p>","protected":false},"excerpt":{"rendered":"<p>Aseroramiento en procesos de reestructuraci\u00f3n y crisis La din\u00e1mica actual de los negocios y las distintas crisis econ\u00f3micas por las que ha atravesado nuestro pa\u00eds, han obligado al empresario argentino a desarrollar su capacidad para adaptarse a estas realidades. La &hellip; <a href=\"https:\/\/rialabogados.com\/ra\/reestructuraciones\/\">Sigue leyendo <span class=\"meta-nav\">&rarr;<\/span><\/a><\/p>\n","protected":false},"author":2,"featured_media":0,"parent":0,"menu_order":0,"comment_status":"closed","ping_status":"closed","template":"","meta":{"footnotes":""},"class_list":["post-25","page","type-page","status-publish","hentry"],"yoast_head":"<!-- This site is optimized with the Yoast SEO plugin v27.4 - https:\/\/yoast.com\/product\/yoast-seo-wordpress\/ -->\n<title>Reestructuraciones - Rial Abogados<\/title>\n<meta name=\"robots\" content=\"index, follow, max-snippet:-1, max-image-preview:large, max-video-preview:-1\" \/>\n<link rel=\"canonical\" href=\"https:\/\/rialabogados.com\/ra\/reestructuraciones\/\" \/>\n<meta property=\"og:locale\" content=\"es_ES\" \/>\n<meta property=\"og:type\" content=\"article\" \/>\n<meta property=\"og:title\" content=\"Reestructuraciones - Rial Abogados\" \/>\n<meta property=\"og:description\" content=\"Aseroramiento en procesos de reestructuraci\u00f3n y crisis La din\u00e1mica actual de los negocios y las distintas crisis econ\u00f3micas por las que ha atravesado nuestro pa\u00eds, han obligado al empresario argentino a desarrollar su capacidad para adaptarse a estas realidades. La &hellip; Sigue leyendo &rarr;\" \/>\n<meta property=\"og:url\" content=\"https:\/\/rialabogados.com\/ra\/reestructuraciones\/\" \/>\n<meta property=\"og:site_name\" content=\"Rial Abogados\" \/>\n<meta property=\"article:modified_time\" content=\"2022-06-12T23:19:04+00:00\" \/>\n<meta name=\"twitter:card\" content=\"summary_large_image\" \/>\n<meta name=\"twitter:label1\" content=\"Tiempo de lectura\" \/>\n\t<meta name=\"twitter:data1\" content=\"2 minutos\" \/>\n<script type=\"application\/ld+json\" class=\"yoast-schema-graph\">{\"@context\":\"https:\\\/\\\/schema.org\",\"@graph\":[{\"@type\":\"WebPage\",\"@id\":\"https:\\\/\\\/rialabogados.com\\\/ra\\\/reestructuraciones\\\/\",\"url\":\"https:\\\/\\\/rialabogados.com\\\/ra\\\/reestructuraciones\\\/\",\"name\":\"Reestructuraciones - Rial Abogados\",\"isPartOf\":{\"@id\":\"https:\\\/\\\/rialabogados.com\\\/ra\\\/#website\"},\"datePublished\":\"2022-06-12T22:42:18+00:00\",\"dateModified\":\"2022-06-12T23:19:04+00:00\",\"breadcrumb\":{\"@id\":\"https:\\\/\\\/rialabogados.com\\\/ra\\\/reestructuraciones\\\/#breadcrumb\"},\"inLanguage\":\"es\",\"potentialAction\":[{\"@type\":\"ReadAction\",\"target\":[\"https:\\\/\\\/rialabogados.com\\\/ra\\\/reestructuraciones\\\/\"]}]},{\"@type\":\"BreadcrumbList\",\"@id\":\"https:\\\/\\\/rialabogados.com\\\/ra\\\/reestructuraciones\\\/#breadcrumb\",\"itemListElement\":[{\"@type\":\"ListItem\",\"position\":1,\"name\":\"Portada\",\"item\":\"https:\\\/\\\/rialabogados.com\\\/ra\\\/\"},{\"@type\":\"ListItem\",\"position\":2,\"name\":\"Reestructuraciones\"}]},{\"@type\":\"WebSite\",\"@id\":\"https:\\\/\\\/rialabogados.com\\\/ra\\\/#website\",\"url\":\"https:\\\/\\\/rialabogados.com\\\/ra\\\/\",\"name\":\"Rial Abogados\",\"description\":\"Estudio Jur\u00eddico Rial y Asociados\",\"publisher\":{\"@id\":\"https:\\\/\\\/rialabogados.com\\\/ra\\\/#organization\"},\"potentialAction\":[{\"@type\":\"SearchAction\",\"target\":{\"@type\":\"EntryPoint\",\"urlTemplate\":\"https:\\\/\\\/rialabogados.com\\\/ra\\\/?s={search_term_string}\"},\"query-input\":{\"@type\":\"PropertyValueSpecification\",\"valueRequired\":true,\"valueName\":\"search_term_string\"}}],\"inLanguage\":\"es\"},{\"@type\":\"Organization\",\"@id\":\"https:\\\/\\\/rialabogados.com\\\/ra\\\/#organization\",\"name\":\"Estudio Jur\u00eddico Rial y Asociados\",\"url\":\"https:\\\/\\\/rialabogados.com\\\/ra\\\/\",\"logo\":{\"@type\":\"ImageObject\",\"inLanguage\":\"es\",\"@id\":\"https:\\\/\\\/rialabogados.com\\\/ra\\\/#\\\/schema\\\/logo\\\/image\\\/\",\"url\":\"https:\\\/\\\/rialabogados.com\\\/ra\\\/wp-content\\\/uploads\\\/2022\\\/06\\\/cropped-cropped-rialabogados-logo-1.png\",\"contentUrl\":\"https:\\\/\\\/rialabogados.com\\\/ra\\\/wp-content\\\/uploads\\\/2022\\\/06\\\/cropped-cropped-rialabogados-logo-1.png\",\"width\":512,\"height\":512,\"caption\":\"Estudio Jur\u00eddico Rial y Asociados\"},\"image\":{\"@id\":\"https:\\\/\\\/rialabogados.com\\\/ra\\\/#\\\/schema\\\/logo\\\/image\\\/\"}}]}<\/script>\n<!-- \/ Yoast SEO plugin. -->","yoast_head_json":{"title":"Reestructuraciones - Rial Abogados","robots":{"index":"index","follow":"follow","max-snippet":"max-snippet:-1","max-image-preview":"max-image-preview:large","max-video-preview":"max-video-preview:-1"},"canonical":"https:\/\/rialabogados.com\/ra\/reestructuraciones\/","og_locale":"es_ES","og_type":"article","og_title":"Reestructuraciones - Rial Abogados","og_description":"Aseroramiento en procesos de reestructuraci\u00f3n y crisis La din\u00e1mica actual de los negocios y las distintas crisis econ\u00f3micas por las que ha atravesado nuestro pa\u00eds, han obligado al empresario argentino a desarrollar su capacidad para adaptarse a estas realidades. La &hellip; Sigue leyendo &rarr;","og_url":"https:\/\/rialabogados.com\/ra\/reestructuraciones\/","og_site_name":"Rial Abogados","article_modified_time":"2022-06-12T23:19:04+00:00","twitter_card":"summary_large_image","twitter_misc":{"Tiempo de lectura":"2 minutos"},"schema":{"@context":"https:\/\/schema.org","@graph":[{"@type":"WebPage","@id":"https:\/\/rialabogados.com\/ra\/reestructuraciones\/","url":"https:\/\/rialabogados.com\/ra\/reestructuraciones\/","name":"Reestructuraciones - Rial Abogados","isPartOf":{"@id":"https:\/\/rialabogados.com\/ra\/#website"},"datePublished":"2022-06-12T22:42:18+00:00","dateModified":"2022-06-12T23:19:04+00:00","breadcrumb":{"@id":"https:\/\/rialabogados.com\/ra\/reestructuraciones\/#breadcrumb"},"inLanguage":"es","potentialAction":[{"@type":"ReadAction","target":["https:\/\/rialabogados.com\/ra\/reestructuraciones\/"]}]},{"@type":"BreadcrumbList","@id":"https:\/\/rialabogados.com\/ra\/reestructuraciones\/#breadcrumb","itemListElement":[{"@type":"ListItem","position":1,"name":"Portada","item":"https:\/\/rialabogados.com\/ra\/"},{"@type":"ListItem","position":2,"name":"Reestructuraciones"}]},{"@type":"WebSite","@id":"https:\/\/rialabogados.com\/ra\/#website","url":"https:\/\/rialabogados.com\/ra\/","name":"Rial Abogados","description":"Estudio Jur\u00eddico Rial y Asociados","publisher":{"@id":"https:\/\/rialabogados.com\/ra\/#organization"},"potentialAction":[{"@type":"SearchAction","target":{"@type":"EntryPoint","urlTemplate":"https:\/\/rialabogados.com\/ra\/?s={search_term_string}"},"query-input":{"@type":"PropertyValueSpecification","valueRequired":true,"valueName":"search_term_string"}}],"inLanguage":"es"},{"@type":"Organization","@id":"https:\/\/rialabogados.com\/ra\/#organization","name":"Estudio Jur\u00eddico Rial y Asociados","url":"https:\/\/rialabogados.com\/ra\/","logo":{"@type":"ImageObject","inLanguage":"es","@id":"https:\/\/rialabogados.com\/ra\/#\/schema\/logo\/image\/","url":"https:\/\/rialabogados.com\/ra\/wp-content\/uploads\/2022\/06\/cropped-cropped-rialabogados-logo-1.png","contentUrl":"https:\/\/rialabogados.com\/ra\/wp-content\/uploads\/2022\/06\/cropped-cropped-rialabogados-logo-1.png","width":512,"height":512,"caption":"Estudio Jur\u00eddico Rial y Asociados"},"image":{"@id":"https:\/\/rialabogados.com\/ra\/#\/schema\/logo\/image\/"}}]}},"_links":{"self":[{"href":"https:\/\/rialabogados.com\/ra\/wp-json\/wp\/v2\/pages\/25","targetHints":{"allow":["GET"]}}],"collection":[{"href":"https:\/\/rialabogados.com\/ra\/wp-json\/wp\/v2\/pages"}],"about":[{"href":"https:\/\/rialabogados.com\/ra\/wp-json\/wp\/v2\/types\/page"}],"author":[{"embeddable":true,"href":"https:\/\/rialabogados.com\/ra\/wp-json\/wp\/v2\/users\/2"}],"replies":[{"embeddable":true,"href":"https:\/\/rialabogados.com\/ra\/wp-json\/wp\/v2\/comments?post=25"}],"version-history":[{"count":2,"href":"https:\/\/rialabogados.com\/ra\/wp-json\/wp\/v2\/pages\/25\/revisions"}],"predecessor-version":[{"id":43,"href":"https:\/\/rialabogados.com\/ra\/wp-json\/wp\/v2\/pages\/25\/revisions\/43"}],"wp:attachment":[{"href":"https:\/\/rialabogados.com\/ra\/wp-json\/wp\/v2\/media?parent=25"}],"curies":[{"name":"wp","href":"https:\/\/api.w.org\/{rel}","templated":true}]}}